{"id":1011,"date":"2017-06-13T08:22:29","date_gmt":"2017-06-13T13:22:29","guid":{"rendered":"http:\/\/cyhingenieria.com\/site\/?page_id=1011"},"modified":"2017-06-20T16:01:54","modified_gmt":"2017-06-20T21:01:54","slug":"inicio-3","status":"publish","type":"page","link":"https:\/\/cyhingenieria.com\/site\/","title":{"rendered":"Inicio"},"content":{"rendered":"[vc_row 0=\u00bb\u00bb][vc_column 0=\u00bb\u00bb][vc_custom_heading text=\u00bbNuestros Servicios\u00bb font_container=\u00bbtag:h2|text_align:center\u00bb google_fonts=\u00bbfont_family:Montserrat%3Aregular%2C700|font_style:400%20regular%3A400%3Anormal\u00bb][\/vc_column][\/vc_row][vc_row 0=\u00bb\u00bb][vc_column css=\u00bb.vc_custom_1497644425918{margin-top: 0px !important;border-top-width: 0px !important;padding-top: 0px !important;}\u00bb][vc_tta_pageable no_fill_content_area=\u00bb1&#8243; autoplay=\u00bb3&#8243; active_section=\u00bb1&#8243; pagination_color=\u00bbgreen\u00bb css=\u00bb.vc_custom_1497644384736{margin-top: 0px !important;border-top-width: 0px !important;padding-top: 0px !important;}\u00bb][vc_tta_section title=\u00bbSecci\u00f3n\u00bb tab_id=\u00bb1497621838574-5aeea592-1a71&#8243;][vc_row_inner css=\u00bb.vc_custom_1497622664359{margin-top: 0px !important;margin-bottom: 0px !important;border-top-width: 0px !important;border-bottom-width: 0px !important;padding-top: 0px !important;padding-bottom: 0px !important;}\u00bb][vc_column_inner width=\u00bb1\/2&#8243;][vc_custom_heading text=\u00bbPatolog\u00eda estructural\u00bb font_container=\u00bbtag:h3|text_align:right\u00bb google_fonts=\u00bbfont_family:Roboto%3A100%2C100italic%2C300%2C300italic%2Cregular%2Citalic%2C500%2C500italic%2C700%2C700italic%2C900%2C900italic|font_style:400%20regular%3A400%3Anormal\u00bb css=\u00bb.vc_custom_1497622876830{margin-top: 35% !important;}\u00bb][\/vc_column_inner][vc_column_inner width=\u00bb1\/2&#8243;][vc_single_image image=\u00bb1116&#8243; img_size=\u00bbfull\u00bb alignment=\u00bbcenter\u00bb css=\u00bb.vc_custom_1497622865563{margin-top: 0px !important;margin-bottom: 0px !important;border-top-width: 0px !important;border-bottom-width: 0px !important;padding-top: 0px !important;padding-bottom: 0px !important;}\u00bb][\/vc_column_inner][\/vc_row_inner][\/vc_tta_section][vc_tta_section title=\u00bbSecci\u00f3n\u00bb tab_id=\u00bb1497375813065-d4a930ef-f949&#8243;][vc_row_inner equal_height=\u00bbyes\u00bb css=\u00bb.vc_custom_1497469505404{margin-top: 0px !important;margin-bottom: 0px !important;border-top-width: 0px !important;border-bottom-width: 0px !important;padding-top: 0px !important;background-color: #aec258 !important;}\u00bb][vc_column_inner width=\u00bb1\/2&#8243; css=\u00bb.vc_custom_1497469829048{margin-top: 0px !important;border-top-width: 0px !important;padding-top: 0px !important;}\u00bb][vc_single_image image=\u00bb1055&#8243; img_size=\u00bbfull\u00bb alignment=\u00bbcenter\u00bb css=\u00bb.vc_custom_1497469482762{margin-top: 0px !important;margin-bottom: 0px !important;border-top-width: 0px !important;border-bottom-width: 0px !important;padding-top: 0px !important;padding-bottom: 0px !important;}\u00bb][\/vc_column_inner][vc_column_inner width=\u00bb1\/2&#8243;][vc_custom_heading text=\u00bbEstudios de suelos, Dise\u00f1o y construcci\u00f3n de obras geot\u00e9cnicas\u00bb font_container=\u00bbtag:h3|text_align:left|color:%23ffffff\u00bb google_fonts=\u00bbfont_family:Roboto%3A100%2C100italic%2C300%2C300italic%2Cregular%2Citalic%2C500%2C500italic%2C700%2C700italic%2C900%2C900italic|font_style:400%20regular%3A400%3Anormal\u00bb css=\u00bb.vc_custom_1497470164071{margin-top: 30% !important;margin-right: 5px !important;}\u00bb][\/vc_column_inner][\/vc_row_inner][\/vc_tta_section][vc_tta_section title=\u00bbSecci\u00f3n 1&#8243; tab_id=\u00bb1497366003720-6e138238-dc8d\u00bb][vc_row_inner css=\u00bb.vc_custom_1497388904760{background-color: #aec258 !important;}\u00bb][vc_column_inner width=\u00bb1\/2&#8243; css=\u00bb.vc_custom_1497469858487{margin-top: 0px !important;border-top-width: 0px !important;padding-top: 0px !important;}\u00bb][vc_single_image image=\u00bb1020&#8243; img_size=\u00bblarge\u00bb alignment=\u00bbcenter\u00bb css=\u00bb.vc_custom_1497391102641{margin-top: 0px !important;margin-bottom: 0px !important;padding-top: 0px !important;padding-bottom: 0px !important;}\u00bb][\/vc_column_inner][vc_column_inner width=\u00bb1\/2&#8243; css=\u00bb.vc_custom_1497470132423{margin-top: 30% !important;}\u00bb][vc_custom_heading text=\u00bbDise\u00f1o geom\u00e9trico y an\u00e1lisis de accidentalidad.\u00bb font_container=\u00bbtag:h3|text_align:left|color:%23ffffff\u00bb google_fonts=\u00bbfont_family:Roboto%3A100%2C100italic%2C300%2C300italic%2Cregular%2Citalic%2C500%2C500italic%2C700%2C700italic%2C900%2C900italic|font_style:400%20regular%3A400%3Anormal\u00bb][\/vc_column_inner][\/vc_row_inner][\/vc_tta_section][vc_tta_section title=\u00bbSecci\u00f3n 2&#8243; tab_id=\u00bb1497366003722-4c730cfc-13de\u00bb][vc_row_inner css=\u00bb.vc_custom_1497389591860{background-color: #195e69 !important;}\u00bb][vc_column_inner width=\u00bb1\/2&#8243; css=\u00bb.vc_custom_1497469871462{margin-top: 0px !important;border-top-width: 0px !important;padding-top: 0px !important;}\u00bb][vc_custom_heading text=\u00bbDise\u00f1o y construcci\u00f3n de pavimentos\u00bb font_container=\u00bbtag:h3|text_align:left|color:%23ffffff\u00bb google_fonts=\u00bbfont_family:Roboto%3A100%2C100italic%2C300%2C300italic%2Cregular%2Citalic%2C500%2C500italic%2C700%2C700italic%2C900%2C900italic|font_style:400%20regular%3A400%3Anormal\u00bb css=\u00bb.vc_custom_1497476715447{margin-top: 35% !important;margin-left: 10px !important;}\u00bb][\/vc_column_inner][vc_column_inner width=\u00bb1\/2&#8243; css=\u00bb.vc_custom_1497469924691{margin-top: 0px !important;border-top-width: 0px !important;padding-top: 0px !important;}\u00bb][vc_single_image image=\u00bb1046&#8243; img_size=\u00bbfull\u00bb alignment=\u00bbcenter\u00bb css=\u00bb.vc_custom_1497391113677{margin-top: 0px !important;margin-bottom: 0px !important;}\u00bb][\/vc_column_inner][\/vc_row_inner][\/vc_tta_section][vc_tta_section title=\u00bbSecci\u00f3n\u00bb tab_id=\u00bb1497371073051-767b7383-ba6f\u00bb][vc_row_inner css=\u00bb.vc_custom_1497389744032{background-color: #00a8b6 !important;}\u00bb][vc_column_inner width=\u00bb1\/2&#8243; css=\u00bb.vc_custom_1497469884821{margin-top: 0px !important;border-top-width: 0px !important;padding-top: 0px !important;}\u00bb][vc_single_image image=\u00bb1052&#8243; img_size=\u00bb451&#8243; alignment=\u00bbcenter\u00bb css=\u00bb.vc_custom_1497476680078{margin-top: 0px !important;margin-bottom: 0px !important;margin-left: 0px !important;}\u00bb][\/vc_column_inner][vc_column_inner width=\u00bb1\/2&#8243;][vc_custom_heading text=\u00bbEstudios de tr\u00e1nsito y transporte\u00bb font_container=\u00bbtag:h3|text_align:left|color:%23ffffff\u00bb google_fonts=\u00bbfont_family:Roboto%3A100%2C100italic%2C300%2C300italic%2Cregular%2Citalic%2C500%2C500italic%2C700%2C700italic%2C900%2C900italic|font_style:400%20regular%3A400%3Anormal\u00bb css=\u00bb.vc_custom_1497476704093{margin-top: 35% !important;}\u00bb][\/vc_column_inner][\/vc_row_inner][\/vc_tta_section][vc_tta_section title=\u00bbSecci\u00f3n\u00bb tab_id=\u00bb1497476760113-ae0bebea-9839&#8243;][vc_row_inner][vc_column_inner width=\u00bb1\/2&#8243;][vc_custom_heading text=\u00bbEstudios de geolog\u00eda para ingenier\u00eda\u00bb font_container=\u00bbtag:h3|text_align:left\u00bb google_fonts=\u00bbfont_family:Roboto%3A100%2C100italic%2C300%2C300italic%2Cregular%2Citalic%2C500%2C500italic%2C700%2C700italic%2C900%2C900italic|font_style:400%20regular%3A400%3Anormal\u00bb css=\u00bb.vc_custom_1497630046996{margin-top: 30% !important;}\u00bb][\/vc_column_inner][vc_column_inner width=\u00bb1\/2&#8243;][vc_single_image image=\u00bb1111&#8243; img_size=\u00bbfull\u00bb css=\u00bb.vc_custom_1497630034546{margin-top: 0px !important;margin-bottom: 0px !important;border-top-width: 0px !important;border-bottom-width: 0px !important;padding-top: 0px !important;padding-bottom: 0px !important;}\u00bb][\/vc_column_inner][\/vc_row_inner][\/vc_tta_section][vc_tta_section title=\u00bbSecci\u00f3n\u00bb tab_id=\u00bb1497476845924-4dc9c298-c9f6&#8243;][vc_row_inner css=\u00bb.vc_custom_1497623044494{background-color: #1a5f6a !important;}\u00bb][vc_column_inner 0=\u00bb\u00bb][vc_custom_heading text=\u00bbEstudios y dise\u00f1os de obras hidra\u00falicas\u00bb font_container=\u00bbtag:h3|text_align:center|color:%23ffffff\u00bb google_fonts=\u00bbfont_family:Roboto%3A100%2C100italic%2C300%2C300italic%2Cregular%2Citalic%2C500%2C500italic%2C700%2C700italic%2C900%2C900italic|font_style:400%20regular%3A400%3Anormal\u00bb css=\u00bb.vc_custom_1497630367113{margin-top: 15% !important;margin-bottom: 15% !important;border-top-width: 0px !important;border-bottom-width: 0px !important;padding-top: 0px !important;padding-bottom: 0px !important;}\u00bb][\/vc_column_inner][\/vc_row_inner][\/vc_tta_section][vc_tta_section title=\u00bbSecci\u00f3n\u00bb tab_id=\u00bb1497621579558-3af5b151-18b7&#8243;][vc_row_inner 0=\u00bb\u00bb][vc_column_inner width=\u00bb1\/2&#8243;][vc_custom_heading text=\u00bbDise\u00f1o estructural de infraestructura vial y edi\ufb01caciones\u00bb font_container=\u00bbtag:h3|text_align:right\u00bb google_fonts=\u00bbfont_family:Roboto%3A100%2C100italic%2C300%2C300italic%2Cregular%2Citalic%2C500%2C500italic%2C700%2C700italic%2C900%2C900italic|font_style:400%20regular%3A400%3Anormal\u00bb css=\u00bb.vc_custom_1497630232727{margin-top: 30% !important;}\u00bb][\/vc_column_inner][vc_column_inner width=\u00bb1\/2&#8243;][vc_single_image image=\u00bb1120&#8243; img_size=\u00bbfull\u00bb css=\u00bb.vc_custom_1497630210699{margin-top: 0px !important;margin-bottom: 0px !important;border-top-width: 0px !important;border-bottom-width: 0px !important;padding-top: 0px !important;padding-bottom: 0px !important;}\u00bb][\/vc_column_inner][\/vc_row_inner][\/vc_tta_section][vc_tta_section title=\u00bbSecci\u00f3n\u00bb tab_id=\u00bb1497622238312-da7e1206-a25f\u00bb][vc_row_inner css=\u00bb.vc_custom_1497630307159{margin-top: 0px !important;margin-bottom: 0px !important;border-top-width: 0px !important;border-bottom-width: 0px !important;padding-top: 0px !important;padding-bottom: 0px !important;background-color: #aec258 !important;}\u00bb][vc_column_inner width=\u00bb1\/2&#8243; css=\u00bb.vc_custom_1497644434693{margin-top: 0px !important;border-top-width: 0px !important;padding-top: 0px !important;}\u00bb][vc_single_image image=\u00bb1114&#8243; img_size=\u00bbfull\u00bb alignment=\u00bbcenter\u00bb css=\u00bb.vc_custom_1497644410872{margin-top: 0px !important;margin-bottom: 0px !important;border-top-width: 0px !important;border-bottom-width: 0px !important;padding-top: 0px !important;padding-bottom: 0px !important;}\u00bb][\/vc_column_inner][vc_column_inner width=\u00bb1\/2&#8243;][vc_custom_heading text=\u00bbSe\u00f1alizaci\u00f3n y demarcaci\u00f3n vial\u00bb font_container=\u00bbtag:h3|text_align:left|color:%23ffffff\u00bb google_fonts=\u00bbfont_family:Roboto%3A100%2C100italic%2C300%2C300italic%2Cregular%2Citalic%2C500%2C500italic%2C700%2C700italic%2C900%2C900italic|font_style:400%20regular%3A400%3Anormal\u00bb css=\u00bb.vc_custom_1497622987063{margin-top: 20% !important;}\u00bb][\/vc_column_inner][\/vc_row_inner][\/vc_tta_section][\/vc_tta_pageable][vc_custom_heading text=\u00bbEquipos para evaluaci\u00f3n de pavimentos\u00bb font_container=\u00bbtag:h2|text_align:center\u00bb google_fonts=\u00bbfont_family:Montserrat%3Aregular%2C700|font_style:400%20regular%3A400%3Anormal\u00bb][\/vc_column][\/vc_row][vc_row][vc_column][vc_tta_pageable no_fill_content_area=\u00bb1&#8243; active_section=\u00bb1&#8243; pagination_color=\u00bbgreen\u00bb][vc_tta_section title=\u00bbSecci\u00f3n 1&#8243; tab_id=\u00bb1497392453820-076e3e50-a305&#8243;][vc_single_image image=\u00bb1068&#8243; img_size=\u00bbfull\u00bb alignment=\u00bbcenter\u00bb][\/vc_tta_section][vc_tta_section title=\u00bbSecci\u00f3n 2&#8243; tab_id=\u00bb1497392453822-f4aa57f9-35d1&#8243;][vc_single_image image=\u00bb1069&#8243; img_size=\u00bbfull\u00bb][\/vc_tta_section][\/vc_tta_pageable][vc_custom_heading text=\u00bbConstrucci\u00f3n y mantenimiento de obras civiles\u00bb font_container=\u00bbtag:h2|text_align:center\u00bb google_fonts=\u00bbfont_family:Montserrat%3Aregular%2C700|font_style:400%20regular%3A400%3Anormal\u00bb][vc_row_inner][vc_column_inner width=\u00bb1\/4&#8243;][vc_single_image image=\u00bb1028&#8243; img_size=\u00bbfull\u00bb alignment=\u00bbcenter\u00bb][\/vc_column_inner][vc_column_inner width=\u00bb1\/4&#8243;][vc_single_image image=\u00bb1027&#8243; img_size=\u00bbfull\u00bb alignment=\u00bbcenter\u00bb][\/vc_column_inner][vc_column_inner width=\u00bb1\/4&#8243;][vc_single_image image=\u00bb1026&#8243; img_size=\u00bbfull\u00bb alignment=\u00bbcenter\u00bb][\/vc_column_inner][vc_column_inner width=\u00bb1\/4&#8243;][vc_single_image image=\u00bb1025&#8243; img_size=\u00bbfull\u00bb alignment=\u00bbcenter\u00bb][\/vc_column_inner][\/vc_row_inner][\/vc_column][\/vc_row][vc_row][vc_column][vc_separator 0=\u00bb\u00bb][\/vc_column][\/vc_row][vc_row][vc_column width=\u00bb2\/3&#8243;][vc_empty_space height=\u00bb100px\u00bb][vc_custom_heading text=\u00bbLaboratorio para estudio de suelos\u00bb font_container=\u00bbtag:h3|text_align:left\u00bb google_fonts=\u00bbfont_family:Montserrat%3Aregular%2C700|font_style:400%20regular%3A400%3Anormal\u00bb][vc_single_image image=\u00bb986&#8243; img_size=\u00bbmedium\u00bb][\/vc_column][vc_column width=\u00bb1\/3&#8243;][vc_images_carousel images=\u00bb1040,1039,1038,1037,1036,1033&#8243; img_size=\u00bbmedium\u00bb onclick=\u00bblink_no\u00bb autoplay=\u00bbyes\u00bb hide_pagination_control=\u00bbyes\u00bb wrap=\u00bbyes\u00bb][\/vc_column][\/vc_row][vc_row][vc_column][vc_separator 0=\u00bb\u00bb][vc_custom_heading text=\u00bbEquipos para se\u00f1alizaci\u00f3n y demarcaci\u00f3n vial\u00bb font_container=\u00bbtag:h2|text_align:center\u00bb google_fonts=\u00bbfont_family:Montserrat%3Aregular%2C700|font_style:400%20regular%3A400%3Anormal\u00bb][vc_tta_pageable no_fill_content_area=\u00bb1&#8243; active_section=\u00bb1&#8243; pagination_color=\u00bbgreen\u00bb][vc_tta_section title=\u00bbSecci\u00f3n 1&#8243; tab_id=\u00bb1497390390903-e4fefac0-c206&#8243;][vc_single_image image=\u00bb1061&#8243; img_size=\u00bbfull\u00bb alignment=\u00bbcenter\u00bb][\/vc_tta_section][vc_tta_section title=\u00bbSecci\u00f3n 2&#8243; tab_id=\u00bb1497390390903-10dc49e3-8ba6&#8243;][vc_single_image image=\u00bb994&#8243; img_size=\u00bbfull\u00bb alignment=\u00bbcenter\u00bb css=\u00bb.vc_custom_1497470293446{margin-top: 5% !important;border-bottom-width: 5% !important;}\u00bb][vc_row_inner 0=\u00bb\u00bb][vc_column_inner width=\u00bb1\/3&#8243;][vc_column_text css=\u00bb.vc_custom_1497392071658{padding-top: 5px !important;padding-right: 5px !important;padding-bottom: 5px !important;padding-left: 5px !important;background-color: #aec258 !important;border-radius: 15px !important;}\u00bb]\n<p style=\"text-align: center; color: #fff;\">Suministro de defensas met\u00e1licas y sistemas de contenci\u00f3n.<\/p>\n[\/vc_column_text][\/vc_column_inner][vc_column_inner width=\u00bb1\/3&#8243;][vc_column_text css=\u00bb.vc_custom_1497392102953{padding-top: 5px !important;padding-right: 5px !important;padding-bottom: 5px !important;padding-left: 5px !important;background-color: #aec258 !important;border-radius: 15px !important;}\u00bb]\n<p style=\"text-align: center; color: #fff;\">Desarrollo e implementaci\u00f3n de planes de conservaci\u00f3n y mantenimiento vial<\/p>\n[\/vc_column_text][\/vc_column_inner][vc_column_inner width=\u00bb1\/3&#8243;][vc_column_text css=\u00bb.vc_custom_1497392159339{padding-top: 5px !important;padding-right: 5px !important;padding-bottom: 5px !important;padding-left: 5px !important;background-color: #aec258 !important;border-radius: 15px !important;}\u00bb]\n<p style=\"text-align: center; color: #fff;\">Se\u00f1alizaci\u00f3n horizontal y vertical con materiales de alto desempe\u00f1o.<\/p>\n[\/vc_column_text][\/vc_column_inner][\/vc_row_inner][\/vc_tta_section][\/vc_tta_pageable][vc_separator 0=\u00bb\u00bb][\/vc_column][\/vc_row][vc_row][vc_column][vc_custom_heading text=\u00bbEquipos para auscultaci\u00f3n, geol\u00f3gica y geot\u00e9cnica\u00bb font_container=\u00bbtag:h2|text_align:center\u00bb google_fonts=\u00bbfont_family:Montserrat%3Aregular%2C700|font_style:400%20regular%3A400%3Anormal\u00bb][vc_images_carousel images=\u00bb1095,1094,1093,1092,1091,1090&#8243; img_size=\u00bbfull\u00bb slides_per_view=\u00bb5&#8243; autoplay=\u00bbyes\u00bb hide_pagination_control=\u00bbyes\u00bb hide_prev_next_buttons=\u00bbyes\u00bb wrap=\u00bbyes\u00bb][vc_separator 0=\u00bb\u00bb][\/vc_column][\/vc_row][vc_row 0=\u00bb\u00bb][vc_column width=\u00bb1\/2&#8243;][vc_empty_space height=\u00bb60px\u00bb][vc_btn title=\u00bbAlquiler de Equipos de Construcci\u00f3n \u00bb style=\u00bboutline\u00bb color=\u00bbsuccess\u00bb size=\u00bblg\u00bb align=\u00bbcenter\u00bb i_icon_fontawesome=\u00bbfa fa-truck\u00bb button_block=\u00bbtrue\u00bb add_icon=\u00bbtrue\u00bb link=\u00bburl:http%3A%2F%2Fcyhingenieria.com%2Fsite%2Funidades-de-negocio%2Fservicios%2F|||\u00bb][vc_btn title=\u00bbServicios de oficina\u00bb style=\u00bboutline\u00bb color=\u00bbsuccess\u00bb size=\u00bblg\u00bb align=\u00bbcenter\u00bb i_icon_fontawesome=\u00bbfa fa-print\u00bb button_block=\u00bbtrue\u00bb add_icon=\u00bbtrue\u00bb link=\u00bburl:http%3A%2F%2Fcyhingenieria.com%2Fsite%2Funidades-de-negocio%2Fservicios%2F|||\u00bb][vc_btn title=\u00bbVideos de Proyectos\u00bb style=\u00bboutline\u00bb color=\u00bbsuccess\u00bb size=\u00bblg\u00bb align=\u00bbcenter\u00bb i_icon_fontawesome=\u00bbfa fa-video-camera\u00bb button_block=\u00bbtrue\u00bb add_icon=\u00bbtrue\u00bb link=\u00bburl:http%3A%2F%2Fcyhingenieria.com%2Fsite%2Fconocenos%2Fcasos-de-exito%2F|||\u00bb][\/vc_column][vc_column width=\u00bb1\/2&#8243;][vc_single_image image=\u00bb93&#8243; img_size=\u00bbfull\u00bb alignment=\u00bbcenter\u00bb][\/vc_column][\/vc_row]\n","protected":false},"excerpt":{"rendered":"<p>[vc_row 0=\u00bb\u00bb][vc_column 0=\u00bb\u00bb][vc_custom_heading text=\u00bbNuestros Servicios\u00bb font_container=\u00bbtag:h2|text_align:center\u00bb google_fonts=\u00bbfont_family:Montserrat%3Aregular%2C700|font_style:400%20regular%3A400%3Anormal\u00bb][\/vc_column][\/vc_row][vc_row 0=\u00bb\u00bb][vc_column css=\u00bb.vc_custom_1497644425918{margin-top: 0px !important;border-top-width: 0px !important;padding-top: 0px !important;}\u00bb][vc_tta_pageable no_fill_content_area=\u00bb1&#8243; autoplay=\u00bb3&#8243; active_section=\u00bb1&#8243; pagination_color=\u00bbgreen\u00bb css=\u00bb.vc_custom_1497644384736{margin-top: 0px !important;border-top-width: 0px !important;padding-top: 0px !important;}\u00bb][vc_tta_section title=\u00bbSecci\u00f3n\u00bb tab_id=\u00bb1497621838574-5aeea592-1a71&#8243;][vc_row_inner css=\u00bb.vc_custom_1497622664359{margin-top: 0px<\/p>\n","protected":false},"author":1,"featured_media":0,"parent":0,"menu_order":0,"comment_status":"closed","ping_status":"closed","template":"page-portfolio-col4.php","meta":[],"_links":{"self":[{"href":"https:\/\/cyhingenieria.com\/site\/wp-json\/wp\/v2\/pages\/1011"}],"collection":[{"href":"https:\/\/cyhingenieria.com\/site\/wp-json\/wp\/v2\/pages"}],"about":[{"href":"https:\/\/cyhingenieria.com\/site\/wp-json\/wp\/v2\/types\/page"}],"author":[{"embeddable":true,"href":"https:\/\/cyhingenieria.com\/site\/wp-json\/wp\/v2\/users\/1"}],"replies":[{"embeddable":true,"href":"https:\/\/cyhingenieria.com\/site\/wp-json\/wp\/v2\/comments?post=1011"}],"version-history":[{"count":0,"href":"https:\/\/cyhingenieria.com\/site\/wp-json\/wp\/v2\/pages\/1011\/revisions"}],"wp:attachment":[{"href":"https:\/\/cyhingenieria.com\/site\/wp-json\/wp\/v2\/media?parent=1011"}],"curies":[{"name":"wp","href":"https:\/\/api.w.org\/{rel}","templated":true}]}}