{"id":111,"date":"2017-03-28T22:47:15","date_gmt":"2017-03-29T03:47:15","guid":{"rendered":"http:\/\/cyhingenieria.com\/site\/?page_id=111"},"modified":"2017-06-14T16:16:12","modified_gmt":"2017-06-14T21:16:12","slug":"nuestro-equipo","status":"publish","type":"page","link":"https:\/\/cyhingenieria.com\/site\/conocenos\/nuestro-equipo\/","title":{"rendered":"Nuestro Equipo"},"content":{"rendered":"[vc_row 0=\u00bb\u00bb][vc_column width=\u00bb1\/2&#8243;]<h3 class=\"title\"><span>CARLOS ALBERTO HERN\u00c1NDEZ G.<\/span><\/h3>[vc_custom_heading text=\u00bbIng. civil &#8211; MSc en Geotecnia, MSc estructuras.<br \/>\nEsp. en v\u00edas. Esp. pavimentos, Esp. puentes.<br \/>\nEsp. gerencia \ufb01nanciera.<br \/>\nGerente general y fundador C&#038;H\u00bb font_container=\u00bbtag:h6|text_align:left\u00bb google_fonts=\u00bbfont_family:Roboto%3A100%2C100italic%2C300%2C300italic%2Cregular%2Citalic%2C500%2C500italic%2C700%2C700italic%2C900%2C900italic|font_style:500%20bold%20regular%3A500%3Anormal\u00bb][vc_column_text 0=\u00bb\u00bb]Ingeniero civil con mag\u00edster en Geotecnia y estructuras con \u00e9nfasis en puentes, pilotaje y cimentaciones especiales en general, especia- lista en v\u00edas en \u00e1rea del dise\u00f1o geom\u00e9trico, tr\u00e1nsito y pavimentos (geomec\u00e1nica de materiales), especialista en estructuras de tipo reforzada, pre-post reforzada y met\u00e1licas, y especia-lista en el \u00e1rea de gerencia \ufb01nanciera de proyectos con \u00e9nfasis en infraestructura vial. Gerente y director t\u00e9cnico de proyectos de infraestructura vial, tales como concesiones viales, proyectos privados, nacionales y estructuraci\u00f3n de v\u00edas 4g y app en asocio con compa\u00f1\u00edas nacionales e internacionales. Asesor, consultor independiente en campos del dise\u00f1o, residencia y direcci\u00f3n de obra en construcci\u00f3n de obras civiles.<\/p>\n<p><strong>Manuales<\/strong>: <em>gu\u00eda de dise\u00f1o de placa huella, Carlos Hernandez miembro de placa huella forma parte de los como parte integral del plan de placa huella.<\/em>[\/vc_column_text]<h3 class=\"title\"><span>MARIO GERM\u00c1N G\u00d3MEZ OSPINA<\/span><\/h3>[vc_custom_heading text=\u00bbIngeniero civil especialista en estructuras\u00bb font_container=\u00bbtag:h6|text_align:left\u00bb google_fonts=\u00bbfont_family:Roboto%3A100%2C100italic%2C300%2C300italic%2Cregular%2Citalic%2C500%2C500italic%2C700%2C700italic%2C900%2C900italic|font_style:500%20bold%20regular%3A500%3Anormal\u00bb][vc_column_text 0=\u00bb\u00bb]Interventor y Constructor de la Sociedad de ingenieros del Quind\u00edo. con experiencia en investigaci\u00f3n. Ha impartido la Conferencia Nuevas Normas Sismo Resistente en la Sociedad de Ingenieros del Quind\u00edo. Con estudios en Diplomado edi\ufb01cios en acero. Camacol Quind\u00edo. Interventor y constructor de obras de infraestructura vial. (Puentes, edi\ufb01caciones, etc.)[\/vc_column_text]<h3 class=\"title\"><span>WILLIAM VARGAS MORENO<\/span><\/h3>[vc_custom_heading text=\u00bbIng. ge\u00f3logo especialidad en ingenier\u00eda ambiental\u00bb font_container=\u00bbtag:h6|text_align:left\u00bb google_fonts=\u00bbfont_family:Roboto%3A100%2C100italic%2C300%2C300italic%2Cregular%2Citalic%2C500%2C500italic%2C700%2C700italic%2C900%2C900italic|font_style:500%20bold%20regular%3A500%3Anormal\u00bb][vc_column_text 0=\u00bb\u00bb]Ingeniero ge\u00f3logo de Universidad Pedag\u00f3gica y Tecnol\u00f3gica de Colombia, Sogamoso. Con experiencia en investigaci\u00f3n. Especialista en Gerencia Ambiental de la Universidad Santiago de Cali. Con Diplomado en Gesti\u00f3n Ambiental de la Universidad Santiago de Cali. Diplomado Evaluaci\u00f3n de Impacto Ambiental. Corporaci\u00f3n Universitaria Aut\u00f3noma de Occidente, Santiago de Cali. Experiencia en Estudios de Geolog\u00eda para carretera y an\u00e1lisis de vulnerabilidad y riesgo en grandes proyectos de infraestructura[\/vc_column_text][\/vc_column][vc_column width=\u00bb1\/2&#8243;]<h3 class=\"title\"><span>NELSON RIVAS<\/span><\/h3>[vc_custom_heading text=\u00bbIng. civil &#8211; MSc en tr\u00e1nsito y transporte\u00bb font_container=\u00bbtag:h6|text_align:left\u00bb google_fonts=\u00bbfont_family:Roboto%3A100%2C100italic%2C300%2C300italic%2Cregular%2Citalic%2C500%2C500italic%2C700%2C700italic%2C900%2C900italic|font_style:500%20bold%20regular%3A500%3Anormal\u00bb][vc_column_text 0=\u00bb\u00bb]Ingeniero civil mag\u00edster ingenier\u00eda de tr\u00e1nsito y transporte, con estudios sobre generaci\u00f3n de per\ufb01les de vulnerabilidad a peligros naturales de un sistema carretero. OEA-IPC realizados en el Instituto Superior De Ingenier\u00eda Del Transporte. C\u00f3rdoba. Rep\u00fablica Argentina. Tambi\u00e9n es Instructor en vulnerabilidad vial de University Of Florida. U.S.A Geinsville. Instructor en sistemas de contenci\u00f3n vehicular en American traffic safety services association (ATSSA).[\/vc_column_text]<h3 class=\"title\"><span>VLADIMIR MART\u00cdNEZ PE\u00d1A<\/span><\/h3>[vc_custom_heading text=\u00bbIng. civil &#8211; Especialista en hidr\u00e1ulica e hidrolog\u00eda\u00bb font_container=\u00bbtag:h6|text_align:left\u00bb google_fonts=\u00bbfont_family:Roboto%3A100%2C100italic%2C300%2C300italic%2Cregular%2Citalic%2C500%2C500italic%2C700%2C700italic%2C900%2C900italic|font_style:500%20bold%20regular%3A500%3Anormal\u00bb][vc_column_text 0=\u00bb\u00bb]Ingeniero civil con estudios en la Escuela de Negocios de Santa f\u00e9, de Bogot\u00e1 EAN. Ingenier\u00eda de regad\u00edos del Instituto de posgrados en v\u00edas e ingenier\u00eda civil de la Universidad del cauca. Experiencia en Docencia universitaria en el Instituto de posgrados de Universidad Cooperativa de Colombia. Consultor e interventor de proyectos hidra\u00falicos e hidrol\u00f3gicos.[\/vc_column_text]<h3 class=\"title\"><span>LUCIO GERARDO CRUZ VELASCO<\/span><\/h3>[vc_custom_heading text=\u00bbMSc en Ingenier\u00eda civil con Ph.D en Geotecnia\u00bb font_container=\u00bbtag:h6|text_align:left\u00bb google_fonts=\u00bbfont_family:Roboto%3A100%2C100italic%2C300%2C300italic%2Cregular%2Citalic%2C500%2C500italic%2C700%2C700italic%2C900%2C900italic|font_style:500%20bold%20regular%3A500%3Anormal\u00bb][vc_column_text 0=\u00bb\u00bb]Mag\u00edster en ingenier\u00eda civil. \u00c1rea de Geotecnia, Universidad De Los Andes. Doctor en ingenier\u00eda en el \u00e1rea de Geotecnia de la Universidad De Los Andes con pasant\u00eda en Georgia Institute Of Technology, USA. Docente Universidad del Cauca y Asesor en proyectos de Ingenier\u00eda vial.[\/vc_column_text]<h3 class=\"title\"><span>EFRAIN DE JES\u00daS SOLANO FAJARDO<\/span><\/h3>[vc_custom_heading text=\u00bbIng. civil MSc en vias terrestre, especialista<br \/>\nen evaluaci\u00f3n de proyectos de infraestructura.\u00bb font_container=\u00bbtag:h6|text_align:left\u00bb google_fonts=\u00bbfont_family:Roboto%3A100%2C100italic%2C300%2C300italic%2Cregular%2Citalic%2C500%2C500italic%2C700%2C700italic%2C900%2C900italic|font_style:500%20bold%20regular%3A500%3Anormal\u00bb][vc_column_text 0=\u00bb\u00bb]Mag\u00edster en v\u00edas terrestres de la Universidad del<br \/>\nCauca. Especialista en ingenier\u00eda de v\u00edas terrestres<br \/>\nde la Universidad del Cauca. con experiencia en<br \/>\nevaluaci\u00f3n de proyectos de infraestructura y mode-<br \/>\nlaci\u00f3n de proyectos en HDM IV y Sistemas de<br \/>\ngesti\u00f3n de pavimentos.[\/vc_column_text][\/vc_column][\/vc_row]\n","protected":false},"excerpt":{"rendered":"<p>[vc_row 0=\u00bb\u00bb][vc_column width=\u00bb1\/2&#8243;]CARLOS ALBERTO HERN\u00c1NDEZ G.[vc_custom_heading text=\u00bbIng. civil &#8211; MSc en Geotecnia, MSc estructuras.<br \/>\nEsp. en v\u00edas. Esp. pavimentos, Esp. puentes.<br \/>\nEsp. gerencia \ufb01nanciera.<br \/>\nGerente general y fundador C&#038;H\u00bb font_container=\u00bbtag:h6|text_align:left\u00bb google_fonts=\u00bbfont_family:Roboto%3A100%2C100italic%2C300%2C300italic%2Cregular%2Citalic%2C500%2C500italic%2C700%2C700italic%2C900%2C900italic|font_style:500%20bold%20regular%3A500%3Anormal\u00bb][vc_column_text 0=\u00bb\u00bb]Ingeniero civil<\/p>\n","protected":false},"author":1,"featured_media":0,"parent":99,"menu_order":0,"comment_status":"closed","ping_status":"closed","template":"page-fullwidth.php","meta":[],"_links":{"self":[{"href":"https:\/\/cyhingenieria.com\/site\/wp-json\/wp\/v2\/pages\/111"}],"collection":[{"href":"https:\/\/cyhingenieria.com\/site\/wp-json\/wp\/v2\/pages"}],"about":[{"href":"https:\/\/cyhingenieria.com\/site\/wp-json\/wp\/v2\/types\/page"}],"author":[{"embeddable":true,"href":"https:\/\/cyhingenieria.com\/site\/wp-json\/wp\/v2\/users\/1"}],"replies":[{"embeddable":true,"href":"https:\/\/cyhingenieria.com\/site\/wp-json\/wp\/v2\/comments?post=111"}],"version-history":[{"count":0,"href":"https:\/\/cyhingenieria.com\/site\/wp-json\/wp\/v2\/pages\/111\/revisions"}],"up":[{"embeddable":true,"href":"https:\/\/cyhingenieria.com\/site\/wp-json\/wp\/v2\/pages\/99"}],"wp:attachment":[{"href":"https:\/\/cyhingenieria.com\/site\/wp-json\/wp\/v2\/media?parent=111"}],"curies":[{"name":"wp","href":"https:\/\/api.w.org\/{rel}","templated":true}]}}