{"id":972,"date":"2017-06-05T20:11:29","date_gmt":"2017-06-06T01:11:29","guid":{"rendered":"http:\/\/cyhingenieria.com\/site\/?page_id=972"},"modified":"2017-06-16T11:31:56","modified_gmt":"2017-06-16T16:31:56","slug":"inicio-2","status":"publish","type":"page","link":"https:\/\/cyhingenieria.com\/site\/inicio-2\/","title":{"rendered":"Unidades de Negocio"},"content":{"rendered":"[vc_row 0=\u00bb\u00bb][vc_column 0=\u00bb\u00bb][rev_slider_vc alias=\u00bbnuestrosservicios\u00bb][vc_tta_pageable no_fill_content_area=\u00bb1&#8243; active_section=\u00bb0&#8243; pagination_color=\u00bbgreen\u00bb][vc_tta_section title=\u00bbNuestros Servicios\u00bb tab_id=\u00bb1496712089390-48310ec2-696f\u00bb][vc_row_inner 0=\u00bb\u00bb][vc_column_inner width=\u00bb1\/2&#8243;]<h3 class=\"title\"><span>Dise\u00f1o geom\u00e9trico y an\u00e1lisis de accidentalidad.<\/span><\/h3>[vc_column_text 0=\u00bb\u00bb]\n<ul>\n<li>Levantamiento y procesamiento de topograf\u00eda.<\/li>\n<li>Dise\u00f1o geom\u00e9trico de v\u00edas para calles, carreteras, aeropuertos y centrales hidroel\u00e9ctricas.<\/li>\n<li>An\u00e1lisis previos de Estudios de Tr\u00e1nsito y capacidad y nivel de servicio, estudios origen &#8211; destino.<\/li>\n<li>Dise\u00f1o de planes de tr\u00e1\ufb01co vehicular.<\/li>\n<li>Dise\u00f1o de se\u00f1alizaci\u00f3n temporal y de\ufb01nitiva.<\/li>\n<\/ul>\n[\/vc_column_text]<h3 class=\"title\"><span>Estudios de tr\u00e1nsito y transporte<\/span><\/h3>[vc_column_text 0=\u00bb\u00bb]\n<ul>\n<li>An\u00e1lisis de capacidad y nivel de servicio en dos o m\u00e1s carriles.<\/li>\n<li>Estudios de tr\u00e1nsito y transporte modal y multimodal.<\/li>\n<li>An\u00e1lisis de accidentalidad.<\/li>\n<li>Planes de manejo de tr\u00e1nsito (PMT).<\/li>\n<\/ul>\n[\/vc_column_text]<h3 class=\"title\"><span>Estudios de suelos, Dise\u00f1o y construcci\u00f3n de obras geot\u00e9cnicas<\/span><\/h3>[vc_column_text 0=\u00bb\u00bb]\n<ul>\n<li>Dise\u00f1o y construcci\u00f3n de cimentaciones super\ufb01ciales, profundas, obras de estabilizaci\u00f3n, anclajes, t\u00faneles, estructuras de cimentaci\u00f3n.<\/li>\n<\/ul>\n[\/vc_column_text]<h3 class=\"title\"><span>Dise\u00f1o estructural de infraestructura vial y edi\ufb01caciones<\/span><\/h3>[vc_column_text]\n<ul>\n<li>Dise\u00f1o y construcci\u00f3n de viaductos, puentes, pontones y obras menores.<\/li>\n<li>Estructuras geot\u00e9cnicas e hidra\u00falicas.<\/li>\n<li>Dise\u00f1o y construcci\u00f3n de edi\ufb01caciones en concreto y estructura met\u00e1lica<\/li>\n<\/ul>\n[\/vc_column_text][\/vc_column_inner][vc_column_inner width=\u00bb1\/2&#8243;]<h3 class=\"title\"><span>Dise\u00f1o y construcci\u00f3n de pavimentos<\/span><\/h3>[vc_column_text 0=\u00bb\u00bb]\n<ul>\n<li>Evaluaci\u00f3n estructural y funcional con equipos de alto rendimiento.<\/li>\n<li>Dise\u00f1o y construcci\u00f3n de pavimentos de calles, carreteras y aeropuertos. (a\ufb01rmado, \ufb02exible, concreto, reciclaje)<\/li>\n<li>Evaluaci\u00f3n \u00edndice de estado para v\u00edas en concesi\u00f3n.<\/li>\n<li>Acompa\u00f1amiento, seguimiento y control de obra.<\/li>\n<\/ul>\n[\/vc_column_text]<h3 class=\"title\"><span>Estudios de geolog\u00eda para ingenier\u00eda<\/span><\/h3>[vc_column_text 0=\u00bb\u00bb]\n<ul>\n<li>Estudios de geolog\u00eda para ingenier\u00eda.<\/li>\n<li>Geolog\u00eda para canteras, puentes y centrales hidroel\u00e9ctricas y dem\u00e1s obras de ingenier\u00eda civil e industrial.<\/li>\n<li>An\u00e1lisis de riesgo y vulnerabilidad.<\/li>\n<li>Servicios de perforaci\u00f3n, rotaci\u00f3n, percusi\u00f3n, tomograf\u00eda s\u00edsmica, geoel\u00e9ctrica y perforaci\u00f3n para pozos.<\/li>\n<\/ul>\n[\/vc_column_text]<h3 class=\"title\"><span>Patolog\u00eda estructural<\/span><\/h3>[vc_column_text]\n<ul>\n<li>Inspecci\u00f3n visual y especial, N\u00facleos, Localizaci\u00f3n de refuerzo, Ultrasonido, Carbonataci\u00f3n.<\/li>\n<\/ul>\n[\/vc_column_text]<h3 class=\"title\"><span>Se\u00f1alizaci\u00f3n y demarcaci\u00f3n vial<\/span><\/h3>[vc_column_text 0=\u00bb\u00bb]\n<ul>\n<li>Se\u00f1alizaci\u00f3n horizontal y vertical con materiales de alto desempe\u00f1o incluyendo marcas viales.<\/li>\n<li>Suministro de defensas met\u00e1licas y sistemas de contenci\u00f3n.<\/li>\n<li>Desarrollo e implementaci\u00f3n de planes de conservaci\u00f3n y mantenimiento vial.<\/li>\n<\/ul>\n[\/vc_column_text][\/vc_column_inner][\/vc_row_inner][\/vc_tta_section][vc_tta_section title=\u00bbSecci\u00f3n 2&#8243; tab_id=\u00bb1496712089390-f95eea9d-043d\u00bb][\/vc_tta_section][\/vc_tta_pageable][\/vc_column][\/vc_row][vc_row 0=\u00bb\u00bb][vc_column 0=\u00bb\u00bb][vc_single_image image=\u00bb954&#8243; img_size=\u00bbfull\u00bb alignment=\u00bbcenter\u00bb][vc_tta_pageable no_fill_content_area=\u00bb1&#8243; active_section=\u00bb0&#8243; pagination_color=\u00bbgreen\u00bb][vc_tta_section title=\u00bbSecci\u00f3n 2&#8243; tab_id=\u00bb1496799746644-bfafa017-1ebf\u00bb][vc_separator 0=\u00bb\u00bb][\/vc_tta_section][vc_tta_section title=\u00bbSecci\u00f3n 2&#8243; tab_id=\u00bb1496799746644-2dda6d0c-cc6d\u00bb][vc_single_image image=\u00bb989&#8243; img_size=\u00bblarge\u00bb alignment=\u00bbcenter\u00bb][\/vc_tta_section][\/vc_tta_pageable][\/vc_column][\/vc_row][vc_row][vc_column][vc_single_image image=\u00bb953&#8243; img_size=\u00bbfull\u00bb alignment=\u00bbcenter\u00bb][vc_tta_pageable no_fill_content_area=\u00bb1&#8243; active_section=\u00bb0&#8243; pagination_color=\u00bbgreen\u00bb][vc_tta_section title=\u00bbSecci\u00f3n 1&#8243; tab_id=\u00bb1496800339285-7df4df45-3c41&#8243;][vc_separator 0=\u00bb\u00bb][\/vc_tta_section][vc_tta_section title=\u00bbSecci\u00f3n 2&#8243; tab_id=\u00bb1496800339285-7a1da40a-287e\u00bb][vc_single_image image=\u00bb991&#8243; img_size=\u00bblarge\u00bb alignment=\u00bbcenter\u00bb][\/vc_tta_section][\/vc_tta_pageable][vc_single_image image=\u00bb952&#8243; img_size=\u00bbfull\u00bb alignment=\u00bbcenter\u00bb][\/vc_column][\/vc_row][vc_row 0=\u00bb\u00bb][vc_column 0=\u00bb\u00bb][vc_tta_pageable no_fill_content_area=\u00bb1&#8243; active_section=\u00bb0&#8243; pagination_color=\u00bbgreen\u00bb][vc_tta_section title=\u00bbSecci\u00f3n 1&#8243; tab_id=\u00bb1496801439419-6d275a77-9961&#8243;][vc_single_image image=\u00bb986&#8243; img_size=\u00bblarge\u00bb alignment=\u00bbcenter\u00bb][\/vc_tta_section][vc_tta_section title=\u00bbSecci\u00f3n 2&#8243; tab_id=\u00bb1496801439419-7447b161-c4ab\u00bb][\/vc_tta_section][\/vc_tta_pageable][vc_single_image image=\u00bb985&#8243; img_size=\u00bbfull\u00bb alignment=\u00bbcenter\u00bb][\/vc_column][\/vc_row][vc_row 0=\u00bb\u00bb][vc_column 0=\u00bb\u00bb][vc_tta_pageable no_fill_content_area=\u00bb1&#8243; active_section=\u00bb0&#8243; pagination_color=\u00bbgreen\u00bb][vc_tta_section title=\u00bbSecci\u00f3n 1&#8243; tab_id=\u00bb1496802652270-4f7d05ac-2101&#8243;][vc_single_image image=\u00bb994&#8243; img_size=\u00bblarge\u00bb alignment=\u00bbcenter\u00bb][\/vc_tta_section][vc_tta_section title=\u00bbSecci\u00f3n 2&#8243; tab_id=\u00bb1496802652271-3b000fbe-e221&#8243;][\/vc_tta_section][\/vc_tta_pageable][vc_single_image image=\u00bb950&#8243; img_size=\u00bbfull\u00bb alignment=\u00bbcenter\u00bb][vc_tta_pageable no_fill_content_area=\u00bb1&#8243; active_section=\u00bb0&#8243; pagination_color=\u00bbgreen\u00bb][vc_tta_section title=\u00bbSecci\u00f3n 1&#8243; tab_id=\u00bb1496805914319-2b21ba37-3369&#8243;][vc_single_image image=\u00bb983&#8243; img_size=\u00bblarge\u00bb alignment=\u00bbcenter\u00bb][\/vc_tta_section][vc_tta_section title=\u00bbSecci\u00f3n 2&#8243; tab_id=\u00bb1496805914319-9a0e7184-c6f6&#8243;][\/vc_tta_section][\/vc_tta_pageable][\/vc_column][\/vc_row]\n","protected":false},"excerpt":{"rendered":"<p>[vc_row 0=\u00bb\u00bb][vc_column 0=\u00bb\u00bb][rev_slider_vc alias=\u00bbnuestrosservicios\u00bb][vc_tta_pageable no_fill_content_area=\u00bb1&#8243; active_section=\u00bb0&#8243; pagination_color=\u00bbgreen\u00bb][vc_tta_section title=\u00bbNuestros Servicios\u00bb tab_id=\u00bb1496712089390-48310ec2-696f\u00bb][vc_row_inner 0=\u00bb\u00bb][vc_column_inner width=\u00bb1\/2&#8243;]Dise\u00f1o geom\u00e9trico y an\u00e1lisis de accidentalidad.[vc_column_text 0=\u00bb\u00bb]<\/p>\n<p>Levantamiento y procesamiento de topograf\u00eda.<br \/>\nDise\u00f1o geom\u00e9trico de v\u00edas para calles, carreteras, aeropuertos y<\/p>\n","protected":false},"author":1,"featured_media":0,"parent":0,"menu_order":0,"comment_status":"closed","ping_status":"closed","template":"page-fullwidth.php","meta":[],"_links":{"self":[{"href":"https:\/\/cyhingenieria.com\/site\/wp-json\/wp\/v2\/pages\/972"}],"collection":[{"href":"https:\/\/cyhingenieria.com\/site\/wp-json\/wp\/v2\/pages"}],"about":[{"href":"https:\/\/cyhingenieria.com\/site\/wp-json\/wp\/v2\/types\/page"}],"author":[{"embeddable":true,"href":"https:\/\/cyhingenieria.com\/site\/wp-json\/wp\/v2\/users\/1"}],"replies":[{"embeddable":true,"href":"https:\/\/cyhingenieria.com\/site\/wp-json\/wp\/v2\/comments?post=972"}],"version-history":[{"count":0,"href":"https:\/\/cyhingenieria.com\/site\/wp-json\/wp\/v2\/pages\/972\/revisions"}],"wp:attachment":[{"href":"https:\/\/cyhingenieria.com\/site\/wp-json\/wp\/v2\/media?parent=972"}],"curies":[{"name":"wp","href":"https:\/\/api.w.org\/{rel}","templated":true}]}}