{"id":99,"date":"2017-03-28T22:44:44","date_gmt":"2017-03-28T22:44:44","guid":{"rendered":"http:\/\/cyhingenieria.com\/site\/?page_id=99"},"modified":"2017-06-16T15:25:42","modified_gmt":"2017-06-16T20:25:42","slug":"conocenos","status":"publish","type":"page","link":"https:\/\/cyhingenieria.com\/site\/conocenos\/","title":{"rendered":"Conocenos"},"content":{"rendered":"[vc_row][vc_column css_animation=\u00bbfadeIn\u00bb][vc_custom_heading text=\u00bbEmpresa especializada en la consultor\u00eda, interventor\u00eda y construcci\u00f3n de obras de ingenier\u00eda civil , en los campos de la infraestructura vial, estructural, edificaciones, ambiental y de arquitectura.\u00bb font_container=\u00bbtag:h3|text_align:left\u00bb use_theme_fonts=\u00bbyes\u00bb css_animation=\u00bbnone\u00bb][vc_row_inner][vc_column_inner width=\u00bb1\/2&#8243;][vc_btn title=\u00bbNuestra empresa\u00bb style=\u00bbflat\u00bb color=\u00bbgreen\u00bb align=\u00bbcenter\u00bb i_type=\u00bbopeniconic\u00bb i_icon_openiconic=\u00bbvc-oi vc-oi-chart-bar\u00bb add_icon=\u00bbtrue\u00bb link=\u00bburl:http%3A%2F%2Fcyhingenieria.com%2Fsite%2Forganizacion-2%2F|||\u00bb][\/vc_column_inner][vc_column_inner width=\u00bb1\/2&#8243;][vc_btn title=\u00bbNuestro Equipo de trabajo\u00bb style=\u00bbflat\u00bb color=\u00bbgreen\u00bb align=\u00bbcenter\u00bb i_type=\u00bbopeniconic\u00bb i_icon_openiconic=\u00bbvc-oi vc-oi-user\u00bb add_icon=\u00bbtrue\u00bb link=\u00bburl:http%3A%2F%2Fcyhingenieria.com%2Fsite%2Fconocenos%2Fnuestro-equipo%2F|||\u00bb][\/vc_column_inner][\/vc_row_inner][\/vc_column][\/vc_row][vc_row][vc_column][vc_text_separator title=\u00bbCampos de aplicaci\u00f3n y enfoque primario\u00bb][\/vc_column][\/vc_row][vc_row][vc_column width=\u00bb1\/2&#8243;]<div class=\"iconbox\"><div class=\"icon small\"><span><i class=\"fa fa-street-view\"><\/i><\/span><\/div><h3 class=\"small\">Consultor\u00eda especilizada<\/h3><div class=\"clearfix\"><\/div><div class=\"gap\" style=\"height: 18px;\"><\/div><div class=\"clearfix\"><\/div><\/div><div class=\"iconbox\"><div class=\"icon small\"><span><i class=\"fa fa-road\"><\/i><\/span><\/div><h3 class=\"small\">Asesor\u00eda y acompa\u00f1amiento durante la construcci\u00f3n de las obras<\/h3><div class=\"clearfix\"><\/div><div class=\"gap\" style=\"height: 18px;\"><\/div><div class=\"clearfix\"><\/div><\/div><div class=\"iconbox\"><div class=\"icon small\"><span><i class=\"fa fa-list-ol\"><\/i><\/span><\/div><h3 class=\"small\">Empresa integral en el manejo del conocimiento y aplicaci\u00f3n de los buenos principios de la ingenier\u00eda civil - industrial, ambiental y arquitectura.<\/h3><div class=\"clearfix\"><\/div><div class=\"gap\" style=\"height: 18px;\"><\/div><div class=\"clearfix\"><\/div><\/div><div class=\"iconbox\"><div class=\"icon small\"><span><i class=\"fa fa-tasks\"><\/i><\/span><\/div><h3 class=\"small\">Amplio conocimiento y aplicabilidad en el proceso.<\/h3><div class=\"clearfix\"><\/div><div class=\"gap\" style=\"height: 18px;\"><\/div><div class=\"clearfix\"><\/div><\/div>[\/vc_column][vc_column width=\u00bb1\/2&#8243;]<div class=\"iconbox\"><div class=\"icon small\"><span><i class=\"fa fa-pencil-square\"><\/i><\/span><\/div><h3 class=\"small\">Dise\u00f1o<\/h3><div class=\"clearfix\"><\/div><div class=\"gap\" style=\"height: 18px;\"><\/div><div class=\"clearfix\"><\/div><\/div><div class=\"iconbox\"><div class=\"icon small\"><span><i class=\"fa fa-exclamation\"><\/i><\/span><\/div><h3 class=\"small\">Interventor\u00eda<\/h3><div class=\"clearfix\"><\/div><div class=\"gap\" style=\"height: 18px;\"><\/div><div class=\"clearfix\"><\/div><\/div><div class=\"iconbox\"><div class=\"icon small\"><span><i class=\"fa fa-spinner\"><\/i><\/span><\/div><h3 class=\"small\">Construcci\u00f3n y mantenimiento de obras de infraestructura<\/h3><div class=\"clearfix\"><\/div><div class=\"gap\" style=\"height: 18px;\"><\/div><div class=\"clearfix\"><\/div><\/div><div class=\"iconbox\"><div class=\"icon small\"><span><i class=\"fa fa-building\"><\/i><\/span><\/div><h3 class=\"small\">Experiencia en el campo del dise\u00f1o, construcci\u00f3n, mantenimiento y obras de infraestructura de importancia, para entidades oficiales y privadas.<\/h3><div class=\"clearfix\"><\/div><div class=\"gap\" style=\"height: 18px;\"><\/div><div class=\"clearfix\"><\/div><\/div>[\/vc_column][\/vc_row]\n","protected":false},"excerpt":{"rendered":"<p>[vc_row][vc_column css_animation=\u00bbfadeIn\u00bb][vc_custom_heading text=\u00bbEmpresa especializada en la consultor\u00eda, interventor\u00eda y construcci\u00f3n de obras de ingenier\u00eda civil , en los campos de la infraestructura vial, estructural, edificaciones, ambiental y de arquitectura.\u00bb font_container=\u00bbtag:h3|text_align:left\u00bb<\/p>\n","protected":false},"author":1,"featured_media":53,"parent":0,"menu_order":0,"comment_status":"closed","ping_status":"closed","template":"page-fullwidth.php","meta":[],"_links":{"self":[{"href":"https:\/\/cyhingenieria.com\/site\/wp-json\/wp\/v2\/pages\/99"}],"collection":[{"href":"https:\/\/cyhingenieria.com\/site\/wp-json\/wp\/v2\/pages"}],"about":[{"href":"https:\/\/cyhingenieria.com\/site\/wp-json\/wp\/v2\/types\/page"}],"author":[{"embeddable":true,"href":"https:\/\/cyhingenieria.com\/site\/wp-json\/wp\/v2\/users\/1"}],"replies":[{"embeddable":true,"href":"https:\/\/cyhingenieria.com\/site\/wp-json\/wp\/v2\/comments?post=99"}],"version-history":[{"count":0,"href":"https:\/\/cyhingenieria.com\/site\/wp-json\/wp\/v2\/pages\/99\/revisions"}],"wp:featuredmedia":[{"embeddable":true,"href":"https:\/\/cyhingenieria.com\/site\/wp-json\/wp\/v2\/media\/53"}],"wp:attachment":[{"href":"https:\/\/cyhingenieria.com\/site\/wp-json\/wp\/v2\/media?parent=99"}],"curies":[{"name":"wp","href":"https:\/\/api.w.org\/{rel}","templated":true}]}}